{"id":108,"date":"2023-03-31T21:36:17","date_gmt":"2023-03-31T19:36:17","guid":{"rendered":"https:\/\/anettehambalek.se\/?page_id=108"},"modified":"2024-11-01T00:40:55","modified_gmt":"2024-10-31T23:40:55","slug":"about","status":"publish","type":"page","link":"https:\/\/anettehambalek.se\/?page_id=108","title":{"rendered":"About"},"content":{"rendered":"\t\t<div data-elementor-type=\"wp-page\" data-elementor-id=\"108\" class=\"elementor elementor-108\" data-elementor-post-type=\"page\">\n\t\t\t\t<div class=\"elementor-element elementor-element-85f5fc6 e-flex e-con-boxed e-con e-parent\" data-id=\"85f5fc6\" data-element_type=\"container\" data-settings=\"{&quot;background_background&quot;:&quot;gradient&quot;}\">\n\t\t\t\t\t<div class=\"e-con-inner\">\n\t\t<div class=\"elementor-element elementor-element-8c83bcb e-con-full e-flex e-con e-child\" data-id=\"8c83bcb\" data-element_type=\"container\">\n\t\t\t\t<div class=\"elementor-element elementor-element-1618323 elementor-widget elementor-widget-heading\" data-id=\"1618323\" data-element_type=\"widget\" data-widget_type=\"heading.default\">\n\t\t\t\t<div class=\"elementor-widget-container\">\n\t\t\t\t\t<h2 class=\"elementor-heading-title elementor-size-default\">Om Mig<\/h2>\t\t\t\t<\/div>\n\t\t\t\t<\/div>\n\t\t\t\t<div class=\"elementor-element elementor-element-6c8ec1e elementor-widget elementor-widget-spacer\" data-id=\"6c8ec1e\" data-element_type=\"widget\" data-widget_type=\"spacer.default\">\n\t\t\t\t<div class=\"elementor-widget-container\">\n\t\t\t\t\t\t\t<div class=\"elementor-spacer\">\n\t\t\t<div class=\"elementor-spacer-inner\"><\/div>\n\t\t<\/div>\n\t\t\t\t\t\t<\/div>\n\t\t\t\t<\/div>\n\t\t\t\t<\/div>\n\t\t\t\t\t<\/div>\n\t\t\t\t<\/div>\n\t\t<div class=\"elementor-element elementor-element-3bb30a5 e-grid e-con-boxed e-con e-parent\" data-id=\"3bb30a5\" data-element_type=\"container\" data-settings=\"{&quot;background_background&quot;:&quot;classic&quot;}\">\n\t\t\t\t\t<div class=\"e-con-inner\">\n\t\t\t\t<div class=\"elementor-element elementor-element-a0b065b elementor-hidden-mobile elementor-widget elementor-widget-image\" data-id=\"a0b065b\" data-element_type=\"widget\" data-widget_type=\"image.default\">\n\t\t\t\t<div class=\"elementor-widget-container\">\n\t\t\t\t\t\t\t\t\t\t\t\t\t\t\t<img fetchpriority=\"high\" decoding=\"async\" width=\"750\" height=\"749\" src=\"https:\/\/anettehambalek.se\/wp-content\/uploads\/2023\/10\/nettan-32.jpg\" class=\"attachment-large size-large wp-image-4090\" alt=\"\" srcset=\"https:\/\/anettehambalek.se\/wp-content\/uploads\/2023\/10\/nettan-32.jpg 750w, https:\/\/anettehambalek.se\/wp-content\/uploads\/2023\/10\/nettan-32-300x300.jpg 300w, https:\/\/anettehambalek.se\/wp-content\/uploads\/2023\/10\/nettan-32-150x150.jpg 150w\" sizes=\"(max-width: 750px) 100vw, 750px\" \/>\t\t\t\t\t\t\t\t\t\t\t\t\t\t\t<\/div>\n\t\t\t\t<\/div>\n\t\t\t\t<div class=\"elementor-element elementor-element-b9afffc elementor-widget elementor-widget-image\" data-id=\"b9afffc\" data-element_type=\"widget\" data-widget_type=\"image.default\">\n\t\t\t\t<div class=\"elementor-widget-container\">\n\t\t\t\t\t\t\t\t\t\t\t\t\t\t\t<img decoding=\"async\" width=\"750\" height=\"750\" src=\"https:\/\/anettehambalek.se\/wp-content\/uploads\/2023\/10\/nettan-37.jpg\" class=\"attachment-large size-large wp-image-4096\" alt=\"\" srcset=\"https:\/\/anettehambalek.se\/wp-content\/uploads\/2023\/10\/nettan-37.jpg 750w, https:\/\/anettehambalek.se\/wp-content\/uploads\/2023\/10\/nettan-37-300x300.jpg 300w, https:\/\/anettehambalek.se\/wp-content\/uploads\/2023\/10\/nettan-37-150x150.jpg 150w\" sizes=\"(max-width: 750px) 100vw, 750px\" \/>\t\t\t\t\t\t\t\t\t\t\t\t\t\t\t<\/div>\n\t\t\t\t<\/div>\n\t\t\t\t<div class=\"elementor-element elementor-element-1c105b9 elementor-widget elementor-widget-image\" data-id=\"1c105b9\" data-element_type=\"widget\" data-widget_type=\"image.default\">\n\t\t\t\t<div class=\"elementor-widget-container\">\n\t\t\t\t\t\t\t\t\t\t\t\t\t\t\t<img decoding=\"async\" width=\"750\" height=\"750\" src=\"https:\/\/anettehambalek.se\/wp-content\/uploads\/2023\/10\/nettan-36.jpg\" class=\"attachment-large size-large wp-image-4095\" alt=\"\" srcset=\"https:\/\/anettehambalek.se\/wp-content\/uploads\/2023\/10\/nettan-36.jpg 750w, https:\/\/anettehambalek.se\/wp-content\/uploads\/2023\/10\/nettan-36-300x300.jpg 300w, https:\/\/anettehambalek.se\/wp-content\/uploads\/2023\/10\/nettan-36-150x150.jpg 150w\" sizes=\"(max-width: 750px) 100vw, 750px\" \/>\t\t\t\t\t\t\t\t\t\t\t\t\t\t\t<\/div>\n\t\t\t\t<\/div>\n\t\t\t\t<div class=\"elementor-element elementor-element-e3197cd elementor-hidden-mobile elementor-widget elementor-widget-image\" data-id=\"e3197cd\" data-element_type=\"widget\" data-widget_type=\"image.default\">\n\t\t\t\t<div class=\"elementor-widget-container\">\n\t\t\t\t\t\t\t\t\t\t\t\t\t\t\t<img loading=\"lazy\" decoding=\"async\" width=\"800\" height=\"800\" src=\"https:\/\/anettehambalek.se\/wp-content\/uploads\/2023\/10\/Nettan-22-1024x1024.jpg\" class=\"attachment-large size-large wp-image-4088\" alt=\"\" srcset=\"https:\/\/anettehambalek.se\/wp-content\/uploads\/2023\/10\/Nettan-22-1024x1024.jpg 1024w, https:\/\/anettehambalek.se\/wp-content\/uploads\/2023\/10\/Nettan-22-300x300.jpg 300w, https:\/\/anettehambalek.se\/wp-content\/uploads\/2023\/10\/Nettan-22-150x150.jpg 150w, https:\/\/anettehambalek.se\/wp-content\/uploads\/2023\/10\/Nettan-22-768x768.jpg 768w, https:\/\/anettehambalek.se\/wp-content\/uploads\/2023\/10\/Nettan-22.jpg 1500w\" sizes=\"(max-width: 800px) 100vw, 800px\" \/>\t\t\t\t\t\t\t\t\t\t\t\t\t\t\t<\/div>\n\t\t\t\t<\/div>\n\t\t\t\t\t<\/div>\n\t\t\t\t<\/div>\n\t\t<div class=\"elementor-element elementor-element-ac817d4 e-flex e-con-boxed e-con e-parent\" data-id=\"ac817d4\" data-element_type=\"container\">\n\t\t\t\t\t<div class=\"e-con-inner\">\n\t\t\t\t<div class=\"elementor-element elementor-element-0eccbac elementor-widget elementor-widget-spacer\" data-id=\"0eccbac\" data-element_type=\"widget\" data-widget_type=\"spacer.default\">\n\t\t\t\t<div class=\"elementor-widget-container\">\n\t\t\t\t\t\t\t<div class=\"elementor-spacer\">\n\t\t\t<div class=\"elementor-spacer-inner\"><\/div>\n\t\t<\/div>\n\t\t\t\t\t\t<\/div>\n\t\t\t\t<\/div>\n\t\t\t\t\t<\/div>\n\t\t\t\t<\/div>\n\t\t<div class=\"elementor-element elementor-element-d489cbf e-flex e-con-boxed e-con e-parent\" data-id=\"d489cbf\" data-element_type=\"container\" data-settings=\"{&quot;background_background&quot;:&quot;classic&quot;}\">\n\t\t\t\t\t<div class=\"e-con-inner\">\n\t\t<div class=\"elementor-element elementor-element-cd558b5 e-con-full e-flex e-con e-child\" data-id=\"cd558b5\" data-element_type=\"container\" data-settings=\"{&quot;background_background&quot;:&quot;classic&quot;}\">\n\t\t\t\t<div class=\"elementor-element elementor-element-10f8de1 elementor-widget elementor-widget-heading\" data-id=\"10f8de1\" data-element_type=\"widget\" data-widget_type=\"heading.default\">\n\t\t\t\t<div class=\"elementor-widget-container\">\n\t\t\t\t\t<h2 class=\"elementor-heading-title elementor-size-default\">Anette Hambalek Perfect Skin<br>Din hudterapeut<br>online och offline<\/h2>\t\t\t\t<\/div>\n\t\t\t\t<\/div>\n\t\t\t\t<div class=\"elementor-element elementor-element-cd3d820 elementor-widget elementor-widget-text-editor\" data-id=\"cd3d820\" data-element_type=\"widget\" data-widget_type=\"text-editor.default\">\n\t\t\t\t<div class=\"elementor-widget-container\">\n\t\t\t\t\t\t\t\t\t<p class=\"p2\"><span class=\"s2\">Jag har jobbat i sk\u00f6nhetsbranchen i \u00f6ver 30 \u00e5r o<\/span><span class=\"s2\">ch drivit eget f\u00f6retag i 25 \u00e5r. I m\u00e5nga \u00e5r \u00e4gde och drev jag Nettans hud och sk\u00f6nhetssalong som ocks\u00e5 var ett dag-SPA.<\/span><\/p><p class=\"p2\"><span class=\"s2\">Jag s\u00e5lde Nettans f\u00f6r att vidareutveckla och utbilda mig sj\u00e4lv b\u00e5de som f\u00f6retagsledare och konsult inom h\u00e4lsa och sk\u00f6nhet.\u00a0<\/span><span class=\"s2\">Efter ett par \u00e5r tog jag beslutet att \u00f6ppna en ny sk\u00f6nhetssalong <\/span>hemma i Rogestad. Den fick namnet Anette Hambalek Perfect Skin.\u00a0<\/p><p>F\u00f6rutom behandlingar jobbar jag \u00e4ven som SPA-l\u00e4rare och erbjuder konsultation och coaching inom h\u00e4lsa, sk\u00f6nhet och aff\u00e4rsutveckling.<\/p><p style=\"text-align: left;\">Jag \u00e4r auktoriserad hudterapeutm\u00e4stare med internationell Cidesco-examen. Jag \u00e4r medlem i SHR, Sveriges Hudterapeuters Riksorganisation, s\u00e5 du som kund kan k\u00e4nna dig trygg och s\u00e4ker n\u00e4r du bes\u00f6ker min salong.<\/p><p style=\"text-align: left;\">Jag tog min examen vid Gildaskolan International Beauty School 2000, d\u00e4r jag sedan jobbade en tid som hudv\u00e5rdsl\u00e4rare.<\/p><p style=\"text-align: left;\">F\u00f6r mig handlar det om att ta hand om dig som kund p\u00e5 allra b\u00e4sta s\u00e4tt och se helheten. Huden \u00e5terspeglar ofta det som sker p\u00e5 insidan av v\u00e5r kropp. Hudproblem kan ofta bero p\u00e5 en inre obalans. Jag fortbildar mig kontinuerligt f\u00f6r att f\u00f6lja med i den snabba utvecklingen och de nya\u00a0 trenderna inom hudv\u00e5rd, sk\u00f6nhetsbehandlingar, makeup och v\u00e5r inre h\u00e4lsa och v\u00e4lm\u00e5ende.<\/p><p style=\"text-align: left;\">De produkter jag jobbar med p\u00e5 min salong och som jag \u00e4ven utbildar och f\u00f6rel\u00e4ser om, har jag jobbat med i flera \u00e5r och noga valt med omsorg f\u00f6r att ge kunden det b\u00e4sta. Produkterna \u00e4r innovativa och har v\u00e4rldsledande forskning bakom sig f\u00f6r b\u00e5de insidan och utsidan.<\/p>\t\t\t\t\t\t\t\t<\/div>\n\t\t\t\t<\/div>\n\t\t\t\t<\/div>\n\t\t\t\t\t<\/div>\n\t\t\t\t<\/div>\n\t\t<div class=\"elementor-element elementor-element-044b276 e-flex e-con-boxed e-con e-parent\" data-id=\"044b276\" data-element_type=\"container\" data-settings=\"{&quot;background_background&quot;:&quot;classic&quot;}\">\n\t\t\t\t\t<div class=\"e-con-inner\">\n\t\t<div class=\"elementor-element elementor-element-1e8b5b5 e-con-full e-flex e-con e-child\" data-id=\"1e8b5b5\" data-element_type=\"container\" data-settings=\"{&quot;background_background&quot;:&quot;classic&quot;}\">\n\t\t\t\t<div class=\"elementor-element elementor-element-6b7838e elementor-widget elementor-widget-heading\" data-id=\"6b7838e\" data-element_type=\"widget\" data-widget_type=\"heading.default\">\n\t\t\t\t<div class=\"elementor-widget-container\">\n\t\t\t\t\t<h2 class=\"elementor-heading-title elementor-size-default\">Perfect Skin \u2013 sk\u00f6nhetssalongen<\/h2>\t\t\t\t<\/div>\n\t\t\t\t<\/div>\n\t\t\t\t<div class=\"elementor-element elementor-element-2d4404b elementor-widget elementor-widget-text-editor\" data-id=\"2d4404b\" data-element_type=\"widget\" data-widget_type=\"text-editor.default\">\n\t\t\t\t<div class=\"elementor-widget-container\">\n\t\t\t\t\t\t\t\t\t<p>Perfect Skin \u00e4r en sk\u00f6nhetssalong d\u00e4r jag utf\u00f6r de flesta sk\u00f6nhetsbehandlingar, fr\u00e5n topp till t\u00e5, men \u00e4r ocks\u00e5 ett\u00a0 utbildningscenter d\u00e4r du och dina v\u00e4nner kan boka kurser f\u00f6r att l\u00e4ra er mer om hudv\u00e5rd, makeup och inre h\u00e4lsa. Jag har en liten butik\/showroom f\u00f6r att du ska kunna komma till mig och handla de underbara produkterna som jag jobbar med i mina behandlingar.<\/p><p>Jag erbjuder ett brett sortiment till alla \u00e5ldrar, hudtyper och k\u00f6n. Jag har produkter och apparatur till b\u00e5de ansikte och kropp samt makeup och n\u00e4ringstillskott. Jag \u00e4r s\u00e5 glad och tacksam som har hittat produkter som verkligen g\u00f6r skillnad inifr\u00e5n och ut och utifr\u00e5n och in!<\/p><p>Du kan \u00e4ven handla via min <a href=\"https:\/\/nskn.co\/va3Vvj\">webbshop<\/a>, men d\u00e5 beh\u00f6ver du ett kundnummer som jag hj\u00e4lper dig med att f\u00e5. Det \u00e4r bara att kontakta mig!<\/p>\t\t\t\t\t\t\t\t<\/div>\n\t\t\t\t<\/div>\n\t\t\t\t<\/div>\n\t\t\t\t\t<\/div>\n\t\t\t\t<\/div>\n\t\t<div class=\"elementor-element elementor-element-76937b5 e-flex e-con-boxed e-con e-parent\" data-id=\"76937b5\" data-element_type=\"container\" data-settings=\"{&quot;background_background&quot;:&quot;classic&quot;}\">\n\t\t\t\t\t<div class=\"e-con-inner\">\n\t\t<div class=\"elementor-element elementor-element-5c9a6da e-con-full e-flex e-con e-child\" data-id=\"5c9a6da\" data-element_type=\"container\" data-settings=\"{&quot;background_background&quot;:&quot;classic&quot;}\">\n\t\t\t\t<div class=\"elementor-element elementor-element-577010f elementor-widget elementor-widget-heading\" data-id=\"577010f\" data-element_type=\"widget\" data-widget_type=\"heading.default\">\n\t\t\t\t<div class=\"elementor-widget-container\">\n\t\t\t\t\t<h2 class=\"elementor-heading-title elementor-size-default\">Jag jobbar b\u00e5de online och offline\u00a0<\/h2>\t\t\t\t<\/div>\n\t\t\t\t<\/div>\n\t\t\t\t<div class=\"elementor-element elementor-element-71a44af elementor-widget elementor-widget-text-editor\" data-id=\"71a44af\" data-element_type=\"widget\" data-widget_type=\"text-editor.default\">\n\t\t\t\t<div class=\"elementor-widget-container\">\n\t\t\t\t\t\t\t\t\t<p>Jag jobbar online och offline b\u00e5de som hudterapeut, konsult och coach.<\/p><p class=\"p2\"><span class=\"s2\">Har du ej m\u00f6jlighet att bes\u00f6ka mig personligen p\u00e5 salongen, kan vi boka tid online. D\u00e5<\/span><span class=\"s2\"> guidar jag dig r\u00e4tt med hudanalys och produktr\u00e5dgivning till b\u00e5de ansikte och kropp.<\/span><\/p><p>Jag hj\u00e4lper dig att hitta r\u00e4tt hudv\u00e5rdsprodukter och kosttillskott f\u00f6r en god hudh\u00e4lsa och b\u00e4ttre v\u00e4lm\u00e5ende, vilket skapar balans i b\u00e5de kropp och sinne, helt utifr\u00e5n dina f\u00f6ruts\u00e4ttningar.<\/p>\t\t\t\t\t\t\t\t<\/div>\n\t\t\t\t<\/div>\n\t\t\t\t<\/div>\n\t\t\t\t\t<\/div>\n\t\t\t\t<\/div>\n\t\t<div class=\"elementor-element elementor-element-811c9b5 e-flex e-con-boxed e-con e-parent\" data-id=\"811c9b5\" data-element_type=\"container\" data-settings=\"{&quot;background_background&quot;:&quot;classic&quot;}\">\n\t\t\t\t\t<div class=\"e-con-inner\">\n\t\t<div class=\"elementor-element elementor-element-c6b05c3 e-con-full e-flex e-con e-child\" data-id=\"c6b05c3\" data-element_type=\"container\" data-settings=\"{&quot;background_background&quot;:&quot;classic&quot;}\">\n\t\t\t\t<div class=\"elementor-element elementor-element-4c156c1 elementor-widget elementor-widget-heading\" data-id=\"4c156c1\" data-element_type=\"widget\" data-widget_type=\"heading.default\">\n\t\t\t\t<div class=\"elementor-widget-container\">\n\t\t\t\t\t<h2 class=\"elementor-heading-title elementor-size-default\">GDPR<\/h2>\t\t\t\t<\/div>\n\t\t\t\t<\/div>\n\t\t\t\t<div class=\"elementor-element elementor-element-d7bdb2b elementor-widget elementor-widget-text-editor\" data-id=\"d7bdb2b\" data-element_type=\"widget\" data-widget_type=\"text-editor.default\">\n\t\t\t\t<div class=\"elementor-widget-container\">\n\t\t\t\t\t\t\t\t\t<p>Anette Hambalek Perfect Skin v\u00e4rnar om din personliga identitet och f\u00f6ljer de nya anvisningar som den nya EU-f\u00f6rordningen satt upp.<\/p><p>Om du vill \u00e4ndra eller ta bort de uppgifter jag har om dig s\u00e5 ber jag dig att kontakta mig.\u00a0Jag behandlar bara de uppgifter om dig som kr\u00e4vs av mig som din motpart f\u00f6r att kunna fullf\u00f6lja mina \u00e5taganden som leverant\u00f6r av tj\u00e4nster och produkter inom sk\u00f6nhets- och h\u00e4lsobranschen.<\/p>\t\t\t\t\t\t\t\t<\/div>\n\t\t\t\t<\/div>\n\t\t\t\t<\/div>\n\t\t\t\t\t<\/div>\n\t\t\t\t<\/div>\n\t\t<div class=\"elementor-element elementor-element-ab37357 e-flex e-con-boxed e-con e-parent\" data-id=\"ab37357\" data-element_type=\"container\">\n\t\t\t\t\t<div class=\"e-con-inner\">\n\t\t\t\t<div class=\"elementor-element elementor-element-6856b0b elementor-widget elementor-widget-spacer\" data-id=\"6856b0b\" data-element_type=\"widget\" data-widget_type=\"spacer.default\">\n\t\t\t\t<div class=\"elementor-widget-container\">\n\t\t\t\t\t\t\t<div class=\"elementor-spacer\">\n\t\t\t<div class=\"elementor-spacer-inner\"><\/div>\n\t\t<\/div>\n\t\t\t\t\t\t<\/div>\n\t\t\t\t<\/div>\n\t\t\t\t\t<\/div>\n\t\t\t\t<\/div>\n\t\t<div class=\"elementor-element elementor-element-b6719df em-shape-fill-yellow e-con-full e-flex e-con e-parent\" data-id=\"b6719df\" data-element_type=\"container\" data-settings=\"{&quot;background_background&quot;:&quot;classic&quot;,&quot;shape_divider_top&quot;:&quot;waves&quot;}\">\n\t\t\t\t<div class=\"elementor-shape elementor-shape-top\" data-negative=\"false\">\n\t\t\t<svg xmlns=\"http:\/\/www.w3.org\/2000\/svg\" viewBox=\"0 0 1000 100\" preserveAspectRatio=\"none\">\n\t<path class=\"elementor-shape-fill\" d=\"M421.9,6.5c22.6-2.5,51.5,0.4,75.5,5.3c23.6,4.9,70.9,23.5,100.5,35.7c75.8,32.2,133.7,44.5,192.6,49.7\n\tc23.6,2.1,48.7,3.5,103.4-2.5c54.7-6,106.2-25.6,106.2-25.6V0H0v30.3c0,0,72,32.6,158.4,30.5c39.2-0.7,92.8-6.7,134-22.4\n\tc21.2-8.1,52.2-18.2,79.7-24.2C399.3,7.9,411.6,7.5,421.9,6.5z\"\/>\n<\/svg>\t\t<\/div>\n\t\t<div class=\"elementor-element elementor-element-5d5ad71 e-con-full e-flex e-con e-child\" data-id=\"5d5ad71\" data-element_type=\"container\">\n\t\t<div class=\"elementor-element elementor-element-9ebb54e e-con-full elementor-hidden-mobile e-flex e-con e-child\" data-id=\"9ebb54e\" data-element_type=\"container\">\n\t\t\t\t<div class=\"elementor-element elementor-element-26f4afc elementor-widget__width-initial elementor-hidden-mobile elementor-widget elementor-widget-text-editor\" data-id=\"26f4afc\" data-element_type=\"widget\" data-widget_type=\"text-editor.default\">\n\t\t\t\t<div class=\"elementor-widget-container\">\n\t\t\t\t\t\t\t\t\t<p style=\"text-align: left;\">Jobbar du med sk\u00f6nhet och h\u00e4lsa och<br>vill att din verksamhet ska v\u00e4xa?<\/p>\t\t\t\t\t\t\t\t<\/div>\n\t\t\t\t<\/div>\n\t\t\t\t<div class=\"elementor-element elementor-element-1dd6d74 elementor-tablet_extra-align-center elementor-align-center elementor-hidden-mobile elementor-widget elementor-widget-button\" data-id=\"1dd6d74\" data-element_type=\"widget\" data-widget_type=\"button.default\">\n\t\t\t\t<div class=\"elementor-widget-container\">\n\t\t\t\t\t\t\t\t\t<div class=\"elementor-button-wrapper\">\n\t\t\t\t\t<a class=\"elementor-button elementor-button-link elementor-size-sm elementor-animation-grow\" href=\"https:\/\/anettehambalek.se\/?page_id=3222\">\n\t\t\t\t\t\t<span class=\"elementor-button-content-wrapper\">\n\t\t\t\t\t\t<span class=\"elementor-button-icon\">\n\t\t\t\t<i aria-hidden=\"true\" class=\"fas fa-long-arrow-alt-right\"><\/i>\t\t\t<\/span>\n\t\t\t\t\t\t\t\t\t<span class=\"elementor-button-text\">L\u00e4s Mer<\/span>\n\t\t\t\t\t<\/span>\n\t\t\t\t\t<\/a>\n\t\t\t\t<\/div>\n\t\t\t\t\t\t\t\t<\/div>\n\t\t\t\t<\/div>\n\t\t\t\t<\/div>\n\t\t\t\t<div class=\"elementor-element elementor-element-fa0f078 elementor-widget__width-initial elementor-hidden-desktop elementor-hidden-laptop elementor-hidden-tablet_extra elementor-hidden-tablet elementor-widget elementor-widget-text-editor\" data-id=\"fa0f078\" data-element_type=\"widget\" data-widget_type=\"text-editor.default\">\n\t\t\t\t<div class=\"elementor-widget-container\">\n\t\t\t\t\t\t\t\t\t<p style=\"text-align: center;\">Jobbar du med sk\u00f6nhet och h\u00e4lsa och vill att din verksamhet ska v\u00e4xa?<\/p>\t\t\t\t\t\t\t\t<\/div>\n\t\t\t\t<\/div>\n\t\t\t\t<div class=\"elementor-element elementor-element-1d85d7f elementor-tablet_extra-align-center elementor-align-center elementor-widget__width-inherit elementor-hidden-desktop elementor-hidden-laptop elementor-hidden-tablet_extra elementor-hidden-tablet elementor-widget elementor-widget-button\" data-id=\"1d85d7f\" data-element_type=\"widget\" data-widget_type=\"button.default\">\n\t\t\t\t<div class=\"elementor-widget-container\">\n\t\t\t\t\t\t\t\t\t<div class=\"elementor-button-wrapper\">\n\t\t\t\t\t<a class=\"elementor-button elementor-button-link elementor-size-sm elementor-animation-grow\" href=\"https:\/\/anettehambalek.se\/?page_id=3222\">\n\t\t\t\t\t\t<span class=\"elementor-button-content-wrapper\">\n\t\t\t\t\t\t<span class=\"elementor-button-icon\">\n\t\t\t\t<i aria-hidden=\"true\" class=\"fas fa-long-arrow-alt-right\"><\/i>\t\t\t<\/span>\n\t\t\t\t\t\t\t\t\t<span class=\"elementor-button-text\">L\u00e4s Mer<\/span>\n\t\t\t\t\t<\/span>\n\t\t\t\t\t<\/a>\n\t\t\t\t<\/div>\n\t\t\t\t\t\t\t\t<\/div>\n\t\t\t\t<\/div>\n\t\t\t\t<\/div>\n\t\t<div class=\"elementor-element elementor-element-e5bba20 e-con-full e-flex e-con e-child\" data-id=\"e5bba20\" data-element_type=\"container\">\n\t\t\t\t<div class=\"elementor-element elementor-element-4aa47d6 elementor-widget elementor-widget-image\" data-id=\"4aa47d6\" data-element_type=\"widget\" data-settings=\"{&quot;motion_fx_motion_fx_scrolling&quot;:&quot;yes&quot;,&quot;motion_fx_translateY_effect&quot;:&quot;yes&quot;,&quot;motion_fx_translateY_direction&quot;:&quot;negative&quot;,&quot;motion_fx_translateY_speed&quot;:{&quot;unit&quot;:&quot;px&quot;,&quot;size&quot;:&quot;1&quot;,&quot;sizes&quot;:[]},&quot;motion_fx_devices&quot;:[&quot;desktop&quot;,&quot;tablet&quot;],&quot;motion_fx_translateY_affectedRange&quot;:{&quot;unit&quot;:&quot;%&quot;,&quot;size&quot;:&quot;&quot;,&quot;sizes&quot;:{&quot;start&quot;:&quot;0&quot;,&quot;end&quot;:&quot;50&quot;}}}\" data-widget_type=\"image.default\">\n\t\t\t\t<div class=\"elementor-widget-container\">\n\t\t\t\t\t\t\t\t\t\t\t\t\t\t\t<img loading=\"lazy\" decoding=\"async\" width=\"1500\" height=\"1500\" src=\"https:\/\/anettehambalek.se\/wp-content\/uploads\/2023\/10\/nettan-10.jpg\" class=\"attachment-full size-full wp-image-3727\" alt=\"\" srcset=\"https:\/\/anettehambalek.se\/wp-content\/uploads\/2023\/10\/nettan-10.jpg 1500w, https:\/\/anettehambalek.se\/wp-content\/uploads\/2023\/10\/nettan-10-300x300.jpg 300w, https:\/\/anettehambalek.se\/wp-content\/uploads\/2023\/10\/nettan-10-1024x1024.jpg 1024w, https:\/\/anettehambalek.se\/wp-content\/uploads\/2023\/10\/nettan-10-150x150.jpg 150w, https:\/\/anettehambalek.se\/wp-content\/uploads\/2023\/10\/nettan-10-768x768.jpg 768w\" sizes=\"(max-width: 1500px) 100vw, 1500px\" \/>\t\t\t\t\t\t\t\t\t\t\t\t\t\t\t<\/div>\n\t\t\t\t<\/div>\n\t\t<div class=\"elementor-element elementor-element-01ba0d5 e-con-full e-flex e-con e-child\" data-id=\"01ba0d5\" data-element_type=\"container\">\n\t\t\t\t<\/div>\n\t\t\t\t<\/div>\n\t\t\t\t<\/div>\n\t\t\t\t<\/div>\n\t\t","protected":false},"excerpt":{"rendered":"<p>Om Mig Anette Hambalek Perfect SkinDin hudterapeutonline och offline Jag har jobbat i sk\u00f6nhetsbranchen i \u00f6ver 30 \u00e5r och drivit eget f\u00f6retag i 25 \u00e5r. I m\u00e5nga \u00e5r \u00e4gde och drev jag Nettans hud och sk\u00f6nhetssalong som ocks\u00e5 var ett dag-SPA. Jag s\u00e5lde Nettans f\u00f6r att vidareutveckla och utbilda mig sj\u00e4lv b\u00e5de som f\u00f6retagsledare och [&hellip;]<\/p>\n","protected":false},"author":1,"featured_media":0,"parent":0,"menu_order":0,"comment_status":"closed","ping_status":"closed","template":"elementor_header_footer","meta":{"footnotes":""},"class_list":["post-108","page","type-page","status-publish","hentry"],"_links":{"self":[{"href":"https:\/\/anettehambalek.se\/index.php?rest_route=\/wp\/v2\/pages\/108","targetHints":{"allow":["GET"]}}],"collection":[{"href":"https:\/\/anettehambalek.se\/index.php?rest_route=\/wp\/v2\/pages"}],"about":[{"href":"https:\/\/anettehambalek.se\/index.php?rest_route=\/wp\/v2\/types\/page"}],"author":[{"embeddable":true,"href":"https:\/\/anettehambalek.se\/index.php?rest_route=\/wp\/v2\/users\/1"}],"replies":[{"embeddable":true,"href":"https:\/\/anettehambalek.se\/index.php?rest_route=%2Fwp%2Fv2%2Fcomments&post=108"}],"version-history":[{"count":48,"href":"https:\/\/anettehambalek.se\/index.php?rest_route=\/wp\/v2\/pages\/108\/revisions"}],"predecessor-version":[{"id":10853,"href":"https:\/\/anettehambalek.se\/index.php?rest_route=\/wp\/v2\/pages\/108\/revisions\/10853"}],"wp:attachment":[{"href":"https:\/\/anettehambalek.se\/index.php?rest_route=%2Fwp%2Fv2%2Fmedia&parent=108"}],"curies":[{"name":"wp","href":"https:\/\/api.w.org\/{rel}","templated":true}]}}