{"id":3218,"date":"2023-10-11T11:57:50","date_gmt":"2023-10-11T09:57:50","guid":{"rendered":"https:\/\/anettehambalek.se\/?page_id=3218"},"modified":"2024-11-01T00:42:15","modified_gmt":"2024-10-31T23:42:15","slug":"online-2","status":"publish","type":"page","link":"https:\/\/anettehambalek.se\/?page_id=3218","title":{"rendered":"Online"},"content":{"rendered":"\t\t<div data-elementor-type=\"wp-page\" data-elementor-id=\"3218\" class=\"elementor elementor-3218\" data-elementor-post-type=\"page\">\n\t\t\t\t<div class=\"elementor-element elementor-element-0d4c093 e-flex e-con-boxed e-con e-parent\" data-id=\"0d4c093\" data-element_type=\"container\" data-settings=\"{&quot;background_background&quot;:&quot;gradient&quot;}\">\n\t\t\t\t\t<div class=\"e-con-inner\">\n\t\t<div class=\"elementor-element elementor-element-f8b2cd2 e-con-full e-flex e-con e-child\" data-id=\"f8b2cd2\" data-element_type=\"container\">\n\t\t\t\t<div class=\"elementor-element elementor-element-3a2ae99 elementor-widget elementor-widget-heading\" data-id=\"3a2ae99\" data-element_type=\"widget\" data-widget_type=\"heading.default\">\n\t\t\t\t<div class=\"elementor-widget-container\">\n\t\t\t\t\t<h2 class=\"elementor-heading-title elementor-size-default\">Hudterapeut OnLine<\/h2>\t\t\t\t<\/div>\n\t\t\t\t<\/div>\n\t\t\t\t<div class=\"elementor-element elementor-element-73321d6 elementor-widget elementor-widget-spacer\" data-id=\"73321d6\" data-element_type=\"widget\" data-widget_type=\"spacer.default\">\n\t\t\t\t<div class=\"elementor-widget-container\">\n\t\t\t\t\t\t\t<div class=\"elementor-spacer\">\n\t\t\t<div class=\"elementor-spacer-inner\"><\/div>\n\t\t<\/div>\n\t\t\t\t\t\t<\/div>\n\t\t\t\t<\/div>\n\t\t\t\t<\/div>\n\t\t\t\t\t<\/div>\n\t\t\t\t<\/div>\n\t\t<div class=\"elementor-element elementor-element-a2fc6b9 e-grid e-con-boxed e-con e-parent\" data-id=\"a2fc6b9\" data-element_type=\"container\" data-settings=\"{&quot;background_background&quot;:&quot;classic&quot;}\">\n\t\t\t\t\t<div class=\"e-con-inner\">\n\t\t\t\t<div class=\"elementor-element elementor-element-96babe1 elementor-widget elementor-widget-image\" data-id=\"96babe1\" data-element_type=\"widget\" data-widget_type=\"image.default\">\n\t\t\t\t<div class=\"elementor-widget-container\">\n\t\t\t\t\t\t\t\t\t\t\t\t\t\t\t<img fetchpriority=\"high\" decoding=\"async\" width=\"750\" height=\"750\" src=\"https:\/\/anettehambalek.se\/wp-content\/uploads\/2023\/10\/Nettan-online-3.jpg\" class=\"attachment-large size-large wp-image-3539\" alt=\"\" srcset=\"https:\/\/anettehambalek.se\/wp-content\/uploads\/2023\/10\/Nettan-online-3.jpg 750w, https:\/\/anettehambalek.se\/wp-content\/uploads\/2023\/10\/Nettan-online-3-300x300.jpg 300w, https:\/\/anettehambalek.se\/wp-content\/uploads\/2023\/10\/Nettan-online-3-150x150.jpg 150w\" sizes=\"(max-width: 750px) 100vw, 750px\" \/>\t\t\t\t\t\t\t\t\t\t\t\t\t\t\t<\/div>\n\t\t\t\t<\/div>\n\t\t\t\t<div class=\"elementor-element elementor-element-29cc0cc elementor-hidden-mobile elementor-widget elementor-widget-image\" data-id=\"29cc0cc\" data-element_type=\"widget\" data-widget_type=\"image.default\">\n\t\t\t\t<div class=\"elementor-widget-container\">\n\t\t\t\t\t\t\t\t\t\t\t\t\t\t\t<img decoding=\"async\" width=\"800\" height=\"800\" src=\"https:\/\/anettehambalek.se\/wp-content\/uploads\/2023\/10\/Image-1-1024x1024.jpg\" class=\"attachment-large size-large wp-image-3019\" alt=\"\" srcset=\"https:\/\/anettehambalek.se\/wp-content\/uploads\/2023\/10\/Image-1-1024x1024.jpg 1024w, https:\/\/anettehambalek.se\/wp-content\/uploads\/2023\/10\/Image-1-300x300.jpg 300w, https:\/\/anettehambalek.se\/wp-content\/uploads\/2023\/10\/Image-1-150x150.jpg 150w, https:\/\/anettehambalek.se\/wp-content\/uploads\/2023\/10\/Image-1-768x768.jpg 768w, https:\/\/anettehambalek.se\/wp-content\/uploads\/2023\/10\/Image-1.jpg 1440w\" sizes=\"(max-width: 800px) 100vw, 800px\" \/>\t\t\t\t\t\t\t\t\t\t\t\t\t\t\t<\/div>\n\t\t\t\t<\/div>\n\t\t\t\t<div class=\"elementor-element elementor-element-63183a8 elementor-hidden-mobile elementor-widget elementor-widget-image\" data-id=\"63183a8\" data-element_type=\"widget\" data-widget_type=\"image.default\">\n\t\t\t\t<div class=\"elementor-widget-container\">\n\t\t\t\t\t\t\t\t\t\t\t\t\t\t\t<img decoding=\"async\" width=\"750\" height=\"750\" src=\"https:\/\/anettehambalek.se\/wp-content\/uploads\/2023\/10\/Colagen-jpg-5.jpg\" class=\"attachment-large size-large wp-image-3540\" alt=\"\" srcset=\"https:\/\/anettehambalek.se\/wp-content\/uploads\/2023\/10\/Colagen-jpg-5.jpg 750w, https:\/\/anettehambalek.se\/wp-content\/uploads\/2023\/10\/Colagen-jpg-5-300x300.jpg 300w, https:\/\/anettehambalek.se\/wp-content\/uploads\/2023\/10\/Colagen-jpg-5-150x150.jpg 150w\" sizes=\"(max-width: 750px) 100vw, 750px\" \/>\t\t\t\t\t\t\t\t\t\t\t\t\t\t\t<\/div>\n\t\t\t\t<\/div>\n\t\t\t\t<div class=\"elementor-element elementor-element-847a255 elementor-widget elementor-widget-image\" data-id=\"847a255\" data-element_type=\"widget\" data-widget_type=\"image.default\">\n\t\t\t\t<div class=\"elementor-widget-container\">\n\t\t\t\t\t\t\t\t\t\t\t\t\t\t\t<img loading=\"lazy\" decoding=\"async\" width=\"600\" height=\"600\" src=\"https:\/\/anettehambalek.se\/wp-content\/uploads\/2024\/08\/IMG_0757.png\" class=\"attachment-large size-large wp-image-7173\" alt=\"\" srcset=\"https:\/\/anettehambalek.se\/wp-content\/uploads\/2024\/08\/IMG_0757.png 600w, https:\/\/anettehambalek.se\/wp-content\/uploads\/2024\/08\/IMG_0757-300x300.png 300w, https:\/\/anettehambalek.se\/wp-content\/uploads\/2024\/08\/IMG_0757-150x150.png 150w\" sizes=\"(max-width: 600px) 100vw, 600px\" \/>\t\t\t\t\t\t\t\t\t\t\t\t\t\t\t<\/div>\n\t\t\t\t<\/div>\n\t\t\t\t\t<\/div>\n\t\t\t\t<\/div>\n\t\t<div class=\"elementor-element elementor-element-8845693 e-flex e-con-boxed e-con e-parent\" data-id=\"8845693\" data-element_type=\"container\">\n\t\t\t\t\t<div class=\"e-con-inner\">\n\t\t\t\t<div class=\"elementor-element elementor-element-1f73e85 elementor-widget elementor-widget-spacer\" data-id=\"1f73e85\" data-element_type=\"widget\" data-widget_type=\"spacer.default\">\n\t\t\t\t<div class=\"elementor-widget-container\">\n\t\t\t\t\t\t\t<div class=\"elementor-spacer\">\n\t\t\t<div class=\"elementor-spacer-inner\"><\/div>\n\t\t<\/div>\n\t\t\t\t\t\t<\/div>\n\t\t\t\t<\/div>\n\t\t\t\t\t<\/div>\n\t\t\t\t<\/div>\n\t\t<div class=\"elementor-element elementor-element-4dd2b19 e-flex e-con-boxed e-con e-parent\" data-id=\"4dd2b19\" data-element_type=\"container\">\n\t\t\t\t\t<div class=\"e-con-inner\">\n\t\t<div class=\"elementor-element elementor-element-17c9e5d e-con-full e-flex e-con e-child\" data-id=\"17c9e5d\" data-element_type=\"container\">\n\t\t\t\t<div class=\"elementor-element elementor-element-9e5a0eb elementor-widget elementor-widget-heading\" data-id=\"9e5a0eb\" data-element_type=\"widget\" data-widget_type=\"heading.default\">\n\t\t\t\t<div class=\"elementor-widget-container\">\n\t\t\t\t\t<h3 class=\"elementor-heading-title elementor-size-default\">V\u00e4lkommen till din Hudterapeut Online<\/h3>\t\t\t\t<\/div>\n\t\t\t\t<\/div>\n\t\t\t\t<div class=\"elementor-element elementor-element-5071a17 elementor-widget elementor-widget-heading\" data-id=\"5071a17\" data-element_type=\"widget\" data-widget_type=\"heading.default\">\n\t\t\t\t<div class=\"elementor-widget-container\">\n\t\t\t\t\t<h2 class=\"elementor-heading-title elementor-size-default\">Flexibelt och Bekv\u00e4mt<\/h2>\t\t\t\t<\/div>\n\t\t\t\t<\/div>\n\t\t\t\t<\/div>\n\t\t\t\t\t<\/div>\n\t\t\t\t<\/div>\n\t\t<div class=\"elementor-element elementor-element-47c42df e-flex e-con-boxed e-con e-parent\" data-id=\"47c42df\" data-element_type=\"container\">\n\t\t\t\t\t<div class=\"e-con-inner\">\n\t\t\t\t<div class=\"elementor-element elementor-element-04c6873 elementor-widget elementor-widget-spacer\" data-id=\"04c6873\" data-element_type=\"widget\" data-widget_type=\"spacer.default\">\n\t\t\t\t<div class=\"elementor-widget-container\">\n\t\t\t\t\t\t\t<div class=\"elementor-spacer\">\n\t\t\t<div class=\"elementor-spacer-inner\"><\/div>\n\t\t<\/div>\n\t\t\t\t\t\t<\/div>\n\t\t\t\t<\/div>\n\t\t\t\t\t<\/div>\n\t\t\t\t<\/div>\n\t\t<div class=\"elementor-element elementor-element-edb067e e-con-full e-flex e-con e-parent\" data-id=\"edb067e\" data-element_type=\"container\">\n\t\t<div class=\"elementor-element elementor-element-597f74f e-con-full e-flex e-con e-child\" data-id=\"597f74f\" data-element_type=\"container\">\n\t\t\t\t<div class=\"elementor-element elementor-element-ebc811d elementor-widget elementor-widget-text-editor\" data-id=\"ebc811d\" data-element_type=\"widget\" data-widget_type=\"text-editor.default\">\n\t\t\t\t<div class=\"elementor-widget-container\">\n\t\t\t\t\t\t\t\t\t<h5><strong>Personlig Omsorg<\/strong><\/h5><h6><strong>N\u00e4r som Helst &#8211; Var som Helst<\/strong><\/h6><div><span style=\"color: #000000;\">Genom min Online tj\u00e4nst ger jag dig tillg\u00e5ng till\u00a0 professionella hudterapitj\u00e4nster fr\u00e5n bekv\u00e4mligheten i ditt hem. Oavsett om du har fr\u00e5gor, beh\u00f6ver en virtuell konsultation eller s\u00f6ker l\u00f6pande st\u00f6d, \u00e4r jag bara ett klick bort.<\/span><\/div><div>\u00a0<\/div><div>\u00a0<\/div><div><h5><strong>R\u00e5dgivning f\u00f6r din hud<\/strong><\/h5><div><span style=\"color: #000000;\">Jag analyserar din hy och kommer med f\u00f6rslag p\u00e5:<\/span><\/div><div>\u00a0<\/div><ul><li><span style=\"color: #000000;\">hudv\u00e5rdsrutiner<\/span><\/li><li><span style=\"color: #000000;\">l\u00e4mpliga produkter<\/span><\/li><li><span style=\"color: #000000;\">kost<\/span><\/li><li><span style=\"color: #000000;\">Tr\u00e4ning<\/span><\/li><li><span style=\"color: #000000;\">Tillskott<\/span><\/li><\/ul><\/div>\t\t\t\t\t\t\t\t<\/div>\n\t\t\t\t<\/div>\n\t\t\t\t<\/div>\n\t\t<div class=\"elementor-element elementor-element-f852da9 e-con-full e-flex e-con e-child\" data-id=\"f852da9\" data-element_type=\"container\">\n\t\t\t\t<div class=\"elementor-element elementor-element-1c825b9 elementor-widget elementor-widget-text-editor\" data-id=\"1c825b9\" data-element_type=\"widget\" data-widget_type=\"text-editor.default\">\n\t\t\t\t<div class=\"elementor-widget-container\">\n\t\t\t\t\t\t\t\t\t<h5><strong><span style=\"color: #000000;\">Produktr\u00e5dgivning<\/span><\/strong><\/h5><div><span style=\"color: #000000;\">Jag brukar \u00e4ven fr\u00e5ga dig om vilka produkter du anv\u00e4nder idag och ge rekommendationer om vilka som \u00e4r on\u00f6diga och inte kommer att hj\u00e4lpa just dig.<\/span><\/div><div>\u00a0<\/div><div><p><span style=\"color: #000000;\">Syftet med denna online-konsultation \u00e4r helt enkelt att min erfarenhet och kunskap ska kunna hj\u00e4lpa dig. Det finns alltid l\u00f6sningar!<\/span><\/p><p>\u00a0<\/p><\/div><div><div><span style=\"color: #000000;\">Konsultationen innefattar r\u00e5dgivning\/svar och ytterligare kompletteringar om det beh\u00f6vs.\u00a0<\/span><\/div><\/div><div>\u00a0<\/div><h5><strong><span style=\"color: #000000;\">Priser<\/span><\/strong><\/h5><div><span style=\"color: #000000;\">30 minuter &#8211; 595 kr<\/span><\/div><div><span style=\"color: #000000;\">45 minuter &#8211; 795 kr<\/span><\/div><div><span style=\"color: #000000;\">60 minuter &#8211; 995 kr<\/span><\/div>\t\t\t\t\t\t\t\t<\/div>\n\t\t\t\t<\/div>\n\t\t\t\t<\/div>\n\t\t\t\t<\/div>\n\t\t<div class=\"elementor-element elementor-element-393c821 e-flex e-con-boxed e-con e-parent\" data-id=\"393c821\" data-element_type=\"container\">\n\t\t\t\t\t<div class=\"e-con-inner\">\n\t\t\t\t<div class=\"elementor-element elementor-element-aaa567f elementor-widget elementor-widget-heading\" data-id=\"aaa567f\" data-element_type=\"widget\" data-widget_type=\"heading.default\">\n\t\t\t\t<div class=\"elementor-widget-container\">\n\t\t\t\t\t<p class=\"elementor-heading-title elementor-size-default\">V\u00e4lkommen att boka tid!<\/p>\t\t\t\t<\/div>\n\t\t\t\t<\/div>\n\t\t\t\t<div class=\"elementor-element elementor-element-4529987 elementor-align-left elementor-tablet_extra-align-center elementor-hidden-mobile elementor-widget elementor-widget-button\" data-id=\"4529987\" data-element_type=\"widget\" data-widget_type=\"button.default\">\n\t\t\t\t<div class=\"elementor-widget-container\">\n\t\t\t\t\t\t\t\t\t<div class=\"elementor-button-wrapper\">\n\t\t\t\t\t<a class=\"elementor-button elementor-button-link elementor-size-sm elementor-animation-grow\" href=\"https:\/\/anettehambalek.se\/?page_id=54\">\n\t\t\t\t\t\t<span class=\"elementor-button-content-wrapper\">\n\t\t\t\t\t\t\t\t\t<span class=\"elementor-button-text\">Kontakt<\/span>\n\t\t\t\t\t<\/span>\n\t\t\t\t\t<\/a>\n\t\t\t\t<\/div>\n\t\t\t\t\t\t\t\t<\/div>\n\t\t\t\t<\/div>\n\t\t\t\t\t<\/div>\n\t\t\t\t<\/div>\n\t\t<div class=\"elementor-element elementor-element-cff0351 e-flex e-con-boxed e-con e-parent\" data-id=\"cff0351\" data-element_type=\"container\">\n\t\t\t\t\t<div class=\"e-con-inner\">\n\t\t\t\t<div class=\"elementor-element elementor-element-f80be22 elementor-widget elementor-widget-spacer\" data-id=\"f80be22\" data-element_type=\"widget\" data-widget_type=\"spacer.default\">\n\t\t\t\t<div class=\"elementor-widget-container\">\n\t\t\t\t\t\t\t<div class=\"elementor-spacer\">\n\t\t\t<div class=\"elementor-spacer-inner\"><\/div>\n\t\t<\/div>\n\t\t\t\t\t\t<\/div>\n\t\t\t\t<\/div>\n\t\t\t\t\t<\/div>\n\t\t\t\t<\/div>\n\t\t<div class=\"elementor-element elementor-element-348eda5 em-shape-fill-yellow e-con-full e-flex e-con e-parent\" data-id=\"348eda5\" data-element_type=\"container\" data-settings=\"{&quot;background_background&quot;:&quot;classic&quot;,&quot;shape_divider_top&quot;:&quot;waves&quot;}\">\n\t\t\t\t<div class=\"elementor-shape elementor-shape-top\" data-negative=\"false\">\n\t\t\t<svg xmlns=\"http:\/\/www.w3.org\/2000\/svg\" viewBox=\"0 0 1000 100\" preserveAspectRatio=\"none\">\n\t<path class=\"elementor-shape-fill\" d=\"M421.9,6.5c22.6-2.5,51.5,0.4,75.5,5.3c23.6,4.9,70.9,23.5,100.5,35.7c75.8,32.2,133.7,44.5,192.6,49.7\n\tc23.6,2.1,48.7,3.5,103.4-2.5c54.7-6,106.2-25.6,106.2-25.6V0H0v30.3c0,0,72,32.6,158.4,30.5c39.2-0.7,92.8-6.7,134-22.4\n\tc21.2-8.1,52.2-18.2,79.7-24.2C399.3,7.9,411.6,7.5,421.9,6.5z\"\/>\n<\/svg>\t\t<\/div>\n\t\t<div class=\"elementor-element elementor-element-a701368 e-con-full e-flex e-con e-child\" data-id=\"a701368\" data-element_type=\"container\">\n\t\t<div class=\"elementor-element elementor-element-19f6e51 e-con-full elementor-hidden-mobile e-flex e-con e-child\" data-id=\"19f6e51\" data-element_type=\"container\">\n\t\t\t\t<div class=\"elementor-element elementor-element-4d45ede elementor-widget__width-initial elementor-hidden-mobile elementor-widget elementor-widget-text-editor\" data-id=\"4d45ede\" data-element_type=\"widget\" data-widget_type=\"text-editor.default\">\n\t\t\t\t<div class=\"elementor-widget-container\">\n\t\t\t\t\t\t\t\t\t<p style=\"text-align: left;\">Gl\u00f6m inte att ta hand om dig!<br \/>Prova Yin Yoga med mig!<\/p>\t\t\t\t\t\t\t\t<\/div>\n\t\t\t\t<\/div>\n\t\t\t\t<div class=\"elementor-element elementor-element-6a0f507 elementor-tablet_extra-align-center elementor-align-center elementor-hidden-mobile elementor-widget elementor-widget-button\" data-id=\"6a0f507\" data-element_type=\"widget\" data-widget_type=\"button.default\">\n\t\t\t\t<div class=\"elementor-widget-container\">\n\t\t\t\t\t\t\t\t\t<div class=\"elementor-button-wrapper\">\n\t\t\t\t\t<a class=\"elementor-button elementor-button-link elementor-size-sm elementor-animation-grow\" href=\"https:\/\/anettehambalek.se\/?page_id=3225\">\n\t\t\t\t\t\t<span class=\"elementor-button-content-wrapper\">\n\t\t\t\t\t\t<span class=\"elementor-button-icon\">\n\t\t\t\t<i aria-hidden=\"true\" class=\"fas fa-long-arrow-alt-right\"><\/i>\t\t\t<\/span>\n\t\t\t\t\t\t\t\t\t<span class=\"elementor-button-text\">L\u00e4s Mer<\/span>\n\t\t\t\t\t<\/span>\n\t\t\t\t\t<\/a>\n\t\t\t\t<\/div>\n\t\t\t\t\t\t\t\t<\/div>\n\t\t\t\t<\/div>\n\t\t\t\t<\/div>\n\t\t\t\t<div class=\"elementor-element elementor-element-6d6dde9 elementor-widget__width-initial elementor-hidden-desktop elementor-hidden-laptop elementor-hidden-tablet_extra elementor-hidden-tablet elementor-widget elementor-widget-text-editor\" data-id=\"6d6dde9\" data-element_type=\"widget\" data-widget_type=\"text-editor.default\">\n\t\t\t\t<div class=\"elementor-widget-container\">\n\t\t\t\t\t\t\t\t\t<p style=\"text-align: center;\">Gl\u00f6m inte att ta hand om dig!<br \/>Prova Yin Yoga med mig!<\/p>\t\t\t\t\t\t\t\t<\/div>\n\t\t\t\t<\/div>\n\t\t\t\t<div class=\"elementor-element elementor-element-101da42 elementor-tablet_extra-align-center elementor-align-left elementor-hidden-desktop elementor-hidden-laptop elementor-hidden-tablet_extra elementor-hidden-tablet elementor-mobile-align-center elementor-widget-mobile__width-initial elementor-widget elementor-widget-button\" data-id=\"101da42\" data-element_type=\"widget\" data-widget_type=\"button.default\">\n\t\t\t\t<div class=\"elementor-widget-container\">\n\t\t\t\t\t\t\t\t\t<div class=\"elementor-button-wrapper\">\n\t\t\t\t\t<a class=\"elementor-button elementor-button-link elementor-size-sm elementor-animation-grow\" href=\"https:\/\/anettehambalek.se\/?page_id=3225\">\n\t\t\t\t\t\t<span class=\"elementor-button-content-wrapper\">\n\t\t\t\t\t\t<span class=\"elementor-button-icon\">\n\t\t\t\t<i aria-hidden=\"true\" class=\"fas fa-long-arrow-alt-right\"><\/i>\t\t\t<\/span>\n\t\t\t\t\t\t\t\t\t<span class=\"elementor-button-text\">L\u00e4s Mer<\/span>\n\t\t\t\t\t<\/span>\n\t\t\t\t\t<\/a>\n\t\t\t\t<\/div>\n\t\t\t\t\t\t\t\t<\/div>\n\t\t\t\t<\/div>\n\t\t\t\t<\/div>\n\t\t<div class=\"elementor-element elementor-element-0047a8f e-con-full e-flex e-con e-child\" data-id=\"0047a8f\" data-element_type=\"container\">\n\t\t\t\t<div class=\"elementor-element elementor-element-bf8d8f6 elementor-widget elementor-widget-image\" data-id=\"bf8d8f6\" data-element_type=\"widget\" data-settings=\"{&quot;motion_fx_motion_fx_scrolling&quot;:&quot;yes&quot;,&quot;motion_fx_translateY_effect&quot;:&quot;yes&quot;,&quot;motion_fx_translateY_direction&quot;:&quot;negative&quot;,&quot;motion_fx_translateY_speed&quot;:{&quot;unit&quot;:&quot;px&quot;,&quot;size&quot;:&quot;1&quot;,&quot;sizes&quot;:[]},&quot;motion_fx_devices&quot;:[&quot;desktop&quot;,&quot;tablet&quot;],&quot;motion_fx_translateY_affectedRange&quot;:{&quot;unit&quot;:&quot;%&quot;,&quot;size&quot;:&quot;&quot;,&quot;sizes&quot;:{&quot;start&quot;:&quot;0&quot;,&quot;end&quot;:&quot;50&quot;}}}\" data-widget_type=\"image.default\">\n\t\t\t\t<div class=\"elementor-widget-container\">\n\t\t\t\t\t\t\t\t\t\t\t\t\t\t\t<img loading=\"lazy\" decoding=\"async\" width=\"1500\" height=\"1500\" src=\"https:\/\/anettehambalek.se\/wp-content\/uploads\/2023\/10\/Nettan-online-5.jpg\" class=\"attachment-full size-full wp-image-3621\" alt=\"\" srcset=\"https:\/\/anettehambalek.se\/wp-content\/uploads\/2023\/10\/Nettan-online-5.jpg 1500w, https:\/\/anettehambalek.se\/wp-content\/uploads\/2023\/10\/Nettan-online-5-300x300.jpg 300w, https:\/\/anettehambalek.se\/wp-content\/uploads\/2023\/10\/Nettan-online-5-1024x1024.jpg 1024w, https:\/\/anettehambalek.se\/wp-content\/uploads\/2023\/10\/Nettan-online-5-150x150.jpg 150w, https:\/\/anettehambalek.se\/wp-content\/uploads\/2023\/10\/Nettan-online-5-768x768.jpg 768w\" sizes=\"(max-width: 1500px) 100vw, 1500px\" \/>\t\t\t\t\t\t\t\t\t\t\t\t\t\t\t<\/div>\n\t\t\t\t<\/div>\n\t\t\t\t<\/div>\n\t\t\t\t<\/div>\n\t\t<div class=\"elementor-element elementor-element-7b4a73a e-flex e-con-boxed e-con e-parent\" data-id=\"7b4a73a\" data-element_type=\"container\" data-settings=\"{&quot;background_background&quot;:&quot;classic&quot;}\">\n\t\t\t\t\t<div class=\"e-con-inner\">\n\t\t<div class=\"elementor-element elementor-element-ab4418e e-grid e-con-full e-con e-child\" data-id=\"ab4418e\" data-element_type=\"container\" data-settings=\"{&quot;background_background&quot;:&quot;classic&quot;}\">\n\t\t\t\t<div class=\"elementor-element elementor-element-4f822d3 elementor-widget-mobile__width-initial elementor-widget elementor-widget-image\" data-id=\"4f822d3\" data-element_type=\"widget\" data-widget_type=\"image.default\">\n\t\t\t\t<div class=\"elementor-widget-container\">\n\t\t\t\t\t\t\t\t\t\t\t\t\t\t\t<img loading=\"lazy\" decoding=\"async\" width=\"800\" height=\"141\" src=\"https:\/\/anettehambalek.se\/wp-content\/uploads\/2023\/10\/Combologga-2-1024x180.jpg\" class=\"attachment-large size-large wp-image-4114\" alt=\"\" srcset=\"https:\/\/anettehambalek.se\/wp-content\/uploads\/2023\/10\/Combologga-2-1024x180.jpg 1024w, https:\/\/anettehambalek.se\/wp-content\/uploads\/2023\/10\/Combologga-2-300x53.jpg 300w, https:\/\/anettehambalek.se\/wp-content\/uploads\/2023\/10\/Combologga-2-768x135.jpg 768w, https:\/\/anettehambalek.se\/wp-content\/uploads\/2023\/10\/Combologga-2.jpg 1500w\" sizes=\"(max-width: 800px) 100vw, 800px\" \/>\t\t\t\t\t\t\t\t\t\t\t\t\t\t\t<\/div>\n\t\t\t\t<\/div>\n\t\t\t\t<\/div>\n\t\t\t\t\t<\/div>\n\t\t\t\t<\/div>\n\t\t\t\t<\/div>\n\t\t","protected":false},"excerpt":{"rendered":"<p>Hudterapeut OnLine V\u00e4lkommen till din Hudterapeut Online Flexibelt och Bekv\u00e4mt Personlig Omsorg N\u00e4r som Helst &#8211; Var som Helst Genom min Online tj\u00e4nst ger jag dig tillg\u00e5ng till\u00a0 professionella hudterapitj\u00e4nster fr\u00e5n bekv\u00e4mligheten i ditt hem. Oavsett om du har fr\u00e5gor, beh\u00f6ver en virtuell konsultation eller s\u00f6ker l\u00f6pande st\u00f6d, \u00e4r jag bara ett klick bort.\u00a0\u00a0 R\u00e5dgivning [&hellip;]<\/p>\n","protected":false},"author":1,"featured_media":0,"parent":0,"menu_order":0,"comment_status":"closed","ping_status":"closed","template":"","meta":{"footnotes":""},"class_list":["post-3218","page","type-page","status-publish","hentry"],"_links":{"self":[{"href":"https:\/\/anettehambalek.se\/index.php?rest_route=\/wp\/v2\/pages\/3218","targetHints":{"allow":["GET"]}}],"collection":[{"href":"https:\/\/anettehambalek.se\/index.php?rest_route=\/wp\/v2\/pages"}],"about":[{"href":"https:\/\/anettehambalek.se\/index.php?rest_route=\/wp\/v2\/types\/page"}],"author":[{"embeddable":true,"href":"https:\/\/anettehambalek.se\/index.php?rest_route=\/wp\/v2\/users\/1"}],"replies":[{"embeddable":true,"href":"https:\/\/anettehambalek.se\/index.php?rest_route=%2Fwp%2Fv2%2Fcomments&post=3218"}],"version-history":[{"count":108,"href":"https:\/\/anettehambalek.se\/index.php?rest_route=\/wp\/v2\/pages\/3218\/revisions"}],"predecessor-version":[{"id":10877,"href":"https:\/\/anettehambalek.se\/index.php?rest_route=\/wp\/v2\/pages\/3218\/revisions\/10877"}],"wp:attachment":[{"href":"https:\/\/anettehambalek.se\/index.php?rest_route=%2Fwp%2Fv2%2Fmedia&parent=3218"}],"curies":[{"name":"wp","href":"https:\/\/api.w.org\/{rel}","templated":true}]}}